{"id":101,"date":"2025-10-26T15:35:41","date_gmt":"2025-10-26T14:35:41","guid":{"rendered":"https:\/\/www.brennholz-schmieg.de\/?page_id=101"},"modified":"2025-10-26T15:44:34","modified_gmt":"2025-10-26T14:44:34","slug":"impressum-2","status":"publish","type":"page","link":"https:\/\/www.brennholz-schmieg.de\/index.php\/impressum-2\/","title":{"rendered":"Impressum"},"content":{"rendered":"\n<h2 class=\"wp-block-heading\"><strong>Impressum (\u00a7 5 TMG)<\/strong><\/h2>\n\n\n\n<p><strong>Brennholz Schmieg<\/strong><br>Udo Schmieg<br>Gro\u00dfe Gartenstra\u00dfe 6<br>71720 Oberstenfeld<br>Deutschland<\/p>\n\n\n\n<p><strong>Kontakt:<\/strong><br>Telefon: 07062 930335<br>E-Mail: <a>info@brennholz-schmieg.de<\/a><\/p>\n\n\n\n<p><strong>Umsatzsteuer-ID:<\/strong><br>Gem\u00e4\u00df \u00a7 19 UStG (Kleinunternehmerregelung) wird keine Umsatzsteuer ausgewiesen.<\/p>\n\n\n\n<p><strong>Verantwortlich f\u00fcr den Inhalt nach \u00a7 55 Abs. 2 RStV:<\/strong><br>Udo Schmieg<br>Gro\u00dfe Gartenstra\u00dfe 6<br>71720 Oberstenfeld<\/p>\n","protected":false},"excerpt":{"rendered":"<p>Impressum (\u00a7 5 TMG) Brennholz SchmiegUdo SchmiegGro\u00dfe Gartenstra\u00dfe 671720 OberstenfeldDeutschland Kontakt:Telefon: 07062 930335E-Mail: info@brennholz-schmieg.de Umsatzsteuer-ID:Gem\u00e4\u00df \u00a7 19 UStG (Kleinunternehmerregelung) wird keine Umsatzsteuer ausgewiesen. Verantwortlich f\u00fcr den Inhalt nach \u00a7 55 Abs. 2 RStV:Udo SchmiegGro\u00dfe Gartenstra\u00dfe 671720 Oberstenfeld<\/p>\n","protected":false},"author":1,"featured_media":0,"parent":0,"menu_order":0,"comment_status":"closed","ping_status":"closed","template":"","meta":{"footnotes":""},"class_list":["post-101","page","type-page","status-publish","hentry"],"_links":{"self":[{"href":"https:\/\/www.brennholz-schmieg.de\/index.php\/wp-json\/wp\/v2\/pages\/101","targetHints":{"allow":["GET"]}}],"collection":[{"href":"https:\/\/www.brennholz-schmieg.de\/index.php\/wp-json\/wp\/v2\/pages"}],"about":[{"href":"https:\/\/www.brennholz-schmieg.de\/index.php\/wp-json\/wp\/v2\/types\/page"}],"author":[{"embeddable":true,"href":"https:\/\/www.brennholz-schmieg.de\/index.php\/wp-json\/wp\/v2\/users\/1"}],"replies":[{"embeddable":true,"href":"https:\/\/www.brennholz-schmieg.de\/index.php\/wp-json\/wp\/v2\/comments?post=101"}],"version-history":[{"count":3,"href":"https:\/\/www.brennholz-schmieg.de\/index.php\/wp-json\/wp\/v2\/pages\/101\/revisions"}],"predecessor-version":[{"id":110,"href":"https:\/\/www.brennholz-schmieg.de\/index.php\/wp-json\/wp\/v2\/pages\/101\/revisions\/110"}],"wp:attachment":[{"href":"https:\/\/www.brennholz-schmieg.de\/index.php\/wp-json\/wp\/v2\/media?parent=101"}],"curies":[{"name":"wp","href":"https:\/\/api.w.org\/{rel}","templated":true}]}}